{"id":18,"date":"2023-11-21T10:18:45","date_gmt":"2023-11-21T10:18:45","guid":{"rendered":"https:\/\/lipka.gr\/?page_id=18"},"modified":"2025-07-25T13:39:11","modified_gmt":"2025-07-25T13:39:11","slug":"strona-glowna","status":"publish","type":"page","link":"https:\/\/lipka.gr\/","title":{"rendered":"Strona g\u0142\u00f3wna"},"content":{"rendered":"\n<p>Witaj w moim czaruj\u0105cym \u015bwiecie aran\u017cacji wn\u0119trz!<br>Projektuj\u0119 nie tylko pi\u0119kne, ale przede wszystkim praktyczne miejsca.<br>Zar\u00f3wno domy, jak i biura lub miejsca wypoczynku.<br><\/p>\n\n\n\n<p>Nazywam si\u0119 Agnieszka J&#8221;Aga Lipka vel Yaga.<br>Zapraszam do wsp\u00f3\u0142pracy.<\/p>\n","protected":false},"excerpt":{"rendered":"<p>Witaj w moim czaruj\u0105cym \u015bwiecie aran\u017cacji wn\u0119trz!Projektuj\u0119 nie tylko pi\u0119kne, ale przede wszystkim praktyczne miejsca.Zar\u00f3wno domy, jak i biura lub miejsca wypoczynku. Nazywam si\u0119 Agnieszka J&#8221;Aga Lipka vel Yaga.Zapraszam do wsp\u00f3\u0142pracy.<\/p>\n","protected":false},"author":1,"featured_media":98,"parent":0,"menu_order":0,"comment_status":"closed","ping_status":"closed","template":"","meta":{"footnotes":""},"_links":{"self":[{"href":"https:\/\/lipka.gr\/index.php?rest_route=\/wp\/v2\/pages\/18"}],"collection":[{"href":"https:\/\/lipka.gr\/index.php?rest_route=\/wp\/v2\/pages"}],"about":[{"href":"https:\/\/lipka.gr\/index.php?rest_route=\/wp\/v2\/types\/page"}],"author":[{"embeddable":true,"href":"https:\/\/lipka.gr\/index.php?rest_route=\/wp\/v2\/users\/1"}],"replies":[{"embeddable":true,"href":"https:\/\/lipka.gr\/index.php?rest_route=%2Fwp%2Fv2%2Fcomments&post=18"}],"version-history":[{"count":4,"href":"https:\/\/lipka.gr\/index.php?rest_route=\/wp\/v2\/pages\/18\/revisions"}],"predecessor-version":[{"id":110,"href":"https:\/\/lipka.gr\/index.php?rest_route=\/wp\/v2\/pages\/18\/revisions\/110"}],"wp:featuredmedia":[{"embeddable":true,"href":"https:\/\/lipka.gr\/index.php?rest_route=\/wp\/v2\/media\/98"}],"wp:attachment":[{"href":"https:\/\/lipka.gr\/index.php?rest_route=%2Fwp%2Fv2%2Fmedia&parent=18"}],"curies":[{"name":"wp","href":"https:\/\/api.w.org\/{rel}","templated":true}]}}